{"id":77,"date":"2026-03-03T14:38:23","date_gmt":"2026-03-03T11:38:23","guid":{"rendered":"https:\/\/www.anacak.com\/?post_type=product&#038;p=77"},"modified":"2026-03-05T13:50:23","modified_gmt":"2026-03-05T10:50:23","slug":"spiral-koni","status":"publish","type":"product","link":"https:\/\/www.anacak.com\/?product=spiral-koni","title":{"rendered":"Spiral Koni"},"content":{"rendered":"<p>&#x1f41a; <strong>SP\u0130RAL KON\u0130<\/strong><\/p>\n<p>Bu sadece bir oyuncak de\u011fil. Odaklanmakta zorlanan \u00e7ocuklar i\u00e7in sakinle\u015ftirici bir ara\u00e7. Masa ba\u015f\u0131nda \u00e7al\u0131\u015fan yeti\u015fkinler i\u00e7in stres azalt\u0131c\u0131 bir obje.<\/p>\n<p>3D yaz\u0131c\u0131 ile \u00fcretilmi\u015f, i\u00e7 i\u00e7e ge\u00e7en iki par\u00e7al\u0131 \u00f6zel tasar\u0131m. Elinizde d\u00f6nd\u00fcr\u00fcn, \u00e7evirin, s\u00f6k\u00fcn-tak\u0131n\u2026Ritmik hareketi zihni sakinle\u015ftirir, dikkati toplar.<\/p>\n<p>&#x2714;&#xfe0f; \u00c7ocuklar i\u00e7in duyusal oyuncak<br \/>\n&#x2714;&#xfe0f; Yeti\u015fkinler i\u00e7in masa\u00fcst\u00fc stres aparat\u0131<br \/>\n&#x2714;&#xfe0f; Hediye alternatifi<br \/>\n&#x2714;&#xfe0f; Dekoratif obje<\/p>\n","protected":false},"excerpt":{"rendered":"<p>\u0130ki par\u00e7al\u0131 i\u00e7 i\u00e7e ge\u00e7en formu ile hem dekoratif bir masa\u00fcst\u00fc obje hem de ritmik hareketiyle stresi azaltan fonksiyonel bir tasar\u0131m \u00fcr\u00fcn\u00fc. Dayan\u0131kl\u0131, sessiz ve ekran ba\u011f\u0131ml\u0131l\u0131\u011f\u0131na alternatif.<\/p>\n","protected":false},"featured_media":84,"comment_status":"open","ping_status":"closed","template":"","meta":{"site-sidebar-layout":"default","site-content-layout":"","ast-site-content-layout":"default","site-content-style":"default","site-sidebar-style":"default","ast-global-header-display":"","ast-banner-title-visibility":"","ast-main-header-display":"","ast-hfb-above-header-display":"","ast-hfb-below-header-display":"","ast-hfb-mobile-header-display":"","site-post-title":"","ast-breadcrumbs-content":"","ast-featured-img":"","footer-sml-layout":"","ast-disable-related-posts":"","theme-transparent-header-meta":"default","adv-header-id-meta":"","stick-header-meta":"","header-above-stick-meta":"","header-main-stick-meta":"","header-below-stick-meta":"","astra-migrate-meta-layouts":"set","ast-page-background-enabled":"default","ast-page-background-meta":{"desktop":{"background-color":"var(--ast-global-color-5)","background-image":"","background-repeat":"repeat","background-position":"center center","background-size":"auto","background-attachment":"scroll","background-type":"","background-media":"","overlay-type":"","overlay-color":"","overlay-opacity":"","overlay-gradient":""},"tablet":{"background-color":"","background-image":"","background-repeat":"repeat","background-position":"center center","background-size":"auto","background-attachment":"scroll","background-type":"","background-media":"","overlay-type":"","overlay-color":"","overlay-opacity":"","overlay-gradient":""},"mobile":{"background-color":"","background-image":"","background-repeat":"repeat","background-position":"center center","background-size":"auto","background-attachment":"scroll","background-type":"","background-media":"","overlay-type":"","overlay-color":"","overlay-opacity":"","overlay-gradient":""}},"ast-content-background-meta":{"desktop":{"background-color":"var(--ast-global-color-4)","background-image":"","background-repeat":"repeat","background-position":"center center","background-size":"auto","background-attachment":"scroll","background-type":"","background-media":"","overlay-type":"","overlay-color":"","overlay-opacity":"","overlay-gradient":""},"tablet":{"background-color":"var(--ast-global-color-4)","background-image":"","background-repeat":"repeat","background-position":"center center","background-size":"auto","background-attachment":"scroll","background-type":"","background-media":"","overlay-type":"","overlay-color":"","overlay-opacity":"","overlay-gradient":""},"mobile":{"background-color":"var(--ast-global-color-4)","background-image":"","background-repeat":"repeat","background-position":"center center","background-size":"auto","background-attachment":"scroll","background-type":"","background-media":"","overlay-type":"","overlay-color":"","overlay-opacity":"","overlay-gradient":""}}},"product_brand":[],"product_cat":[18],"product_tag":[20,21],"class_list":{"0":"post-77","1":"product","2":"type-product","3":"status-publish","4":"has-post-thumbnail","6":"product_cat-oyunbaz-modeller","7":"product_tag-koni","8":"product_tag-stres-carki","9":"desktop-align-left","10":"tablet-align-left","11":"mobile-align-left","13":"first","14":"instock","15":"purchasable","16":"product-type-variable"},"yoast_head":"<!-- This site is optimized with the Yoast SEO plugin v27.3 - https:\/\/yoast.com\/product\/yoast-seo-wordpress\/ -->\n<title>Spiral Koni -<\/title>\n<meta name=\"robots\" content=\"index, follow, max-snippet:-1, max-image-preview:large, max-video-preview:-1\" \/>\n<link rel=\"canonical\" href=\"https:\/\/www.anacak.com\/?product=spiral-koni\" \/>\n<meta property=\"og:locale\" content=\"tr_TR\" \/>\n<meta property=\"og:type\" content=\"article\" \/>\n<meta property=\"og:title\" content=\"Spiral Koni -\" \/>\n<meta property=\"og:description\" content=\"\u0130ki par\u00e7al\u0131 i\u00e7 i\u00e7e ge\u00e7en formu ile hem dekoratif bir masa\u00fcst\u00fc obje hem de ritmik hareketiyle stresi azaltan fonksiyonel bir tasar\u0131m \u00fcr\u00fcn\u00fc. Dayan\u0131kl\u0131, sessiz ve ekran ba\u011f\u0131ml\u0131l\u0131\u011f\u0131na alternatif.\" \/>\n<meta property=\"og:url\" content=\"https:\/\/www.anacak.com\/?product=spiral-koni\" \/>\n<meta property=\"article:modified_time\" content=\"2026-03-05T10:50:23+00:00\" \/>\n<meta property=\"og:image\" content=\"https:\/\/www.anacak.com\/wp-content\/uploads\/2026\/03\/WhatsApp-Image-2026-03-03-at-13.52.21-3.jpeg\" \/>\n\t<meta property=\"og:image:width\" content=\"1200\" \/>\n\t<meta property=\"og:image:height\" content=\"1600\" \/>\n\t<meta property=\"og:image:type\" content=\"image\/jpeg\" \/>\n<meta name=\"twitter:card\" content=\"summary_large_image\" \/>\n<script type=\"application\/ld+json\" class=\"yoast-schema-graph\">{\"@context\":\"https:\\\/\\\/schema.org\",\"@graph\":[{\"@type\":\"WebPage\",\"@id\":\"https:\\\/\\\/www.anacak.com\\\/?product=spiral-koni\",\"url\":\"https:\\\/\\\/www.anacak.com\\\/?product=spiral-koni\",\"name\":\"Spiral Koni -\",\"isPartOf\":{\"@id\":\"https:\\\/\\\/www.anacak.com\\\/#website\"},\"primaryImageOfPage\":{\"@id\":\"https:\\\/\\\/www.anacak.com\\\/?product=spiral-koni#primaryimage\"},\"image\":{\"@id\":\"https:\\\/\\\/www.anacak.com\\\/?product=spiral-koni#primaryimage\"},\"thumbnailUrl\":\"https:\\\/\\\/www.anacak.com\\\/wp-content\\\/uploads\\\/2026\\\/03\\\/WhatsApp-Image-2026-03-03-at-13.52.21-3.jpeg\",\"datePublished\":\"2026-03-03T11:38:23+00:00\",\"dateModified\":\"2026-03-05T10:50:23+00:00\",\"breadcrumb\":{\"@id\":\"https:\\\/\\\/www.anacak.com\\\/?product=spiral-koni#breadcrumb\"},\"inLanguage\":\"tr\",\"potentialAction\":[{\"@type\":\"ReadAction\",\"target\":[\"https:\\\/\\\/www.anacak.com\\\/?product=spiral-koni\"]}]},{\"@type\":\"ImageObject\",\"inLanguage\":\"tr\",\"@id\":\"https:\\\/\\\/www.anacak.com\\\/?product=spiral-koni#primaryimage\",\"url\":\"https:\\\/\\\/www.anacak.com\\\/wp-content\\\/uploads\\\/2026\\\/03\\\/WhatsApp-Image-2026-03-03-at-13.52.21-3.jpeg\",\"contentUrl\":\"https:\\\/\\\/www.anacak.com\\\/wp-content\\\/uploads\\\/2026\\\/03\\\/WhatsApp-Image-2026-03-03-at-13.52.21-3.jpeg\",\"width\":1200,\"height\":1600},{\"@type\":\"BreadcrumbList\",\"@id\":\"https:\\\/\\\/www.anacak.com\\\/?product=spiral-koni#breadcrumb\",\"itemListElement\":[{\"@type\":\"ListItem\",\"position\":1,\"name\":\"Anasayfa\",\"item\":\"https:\\\/\\\/www.anacak.com\\\/\"},{\"@type\":\"ListItem\",\"position\":2,\"name\":\"Ma\u011faza\",\"item\":\"https:\\\/\\\/www.anacak.com\\\/?page_id=39\"},{\"@type\":\"ListItem\",\"position\":3,\"name\":\"Spiral Koni\"}]},{\"@type\":\"WebSite\",\"@id\":\"https:\\\/\\\/www.anacak.com\\\/#website\",\"url\":\"https:\\\/\\\/www.anacak.com\\\/\",\"name\":\"AnacakLab\",\"description\":\"\",\"publisher\":{\"@id\":\"https:\\\/\\\/www.anacak.com\\\/#organization\"},\"potentialAction\":[{\"@type\":\"SearchAction\",\"target\":{\"@type\":\"EntryPoint\",\"urlTemplate\":\"https:\\\/\\\/www.anacak.com\\\/?s={search_term_string}\"},\"query-input\":{\"@type\":\"PropertyValueSpecification\",\"valueRequired\":true,\"valueName\":\"search_term_string\"}}],\"inLanguage\":\"tr\"},{\"@type\":\"Organization\",\"@id\":\"https:\\\/\\\/www.anacak.com\\\/#organization\",\"name\":\"AnacakLab\",\"url\":\"https:\\\/\\\/www.anacak.com\\\/\",\"logo\":{\"@type\":\"ImageObject\",\"inLanguage\":\"tr\",\"@id\":\"https:\\\/\\\/www.anacak.com\\\/#\\\/schema\\\/logo\\\/image\\\/\",\"url\":\"https:\\\/\\\/www.anacak.com\\\/wp-content\\\/uploads\\\/2026\\\/02\\\/site_logo-scaled.png\",\"contentUrl\":\"https:\\\/\\\/www.anacak.com\\\/wp-content\\\/uploads\\\/2026\\\/02\\\/site_logo-scaled.png\",\"width\":2560,\"height\":838,\"caption\":\"AnacakLab\"},\"image\":{\"@id\":\"https:\\\/\\\/www.anacak.com\\\/#\\\/schema\\\/logo\\\/image\\\/\"},\"sameAs\":[\"https:\\\/\\\/instagram.com\\\/anacaklab\\\/\"]}]}<\/script>\n<!-- \/ Yoast SEO plugin. -->","yoast_head_json":{"title":"Spiral Koni -","robots":{"index":"index","follow":"follow","max-snippet":"max-snippet:-1","max-image-preview":"max-image-preview:large","max-video-preview":"max-video-preview:-1"},"canonical":"https:\/\/www.anacak.com\/?product=spiral-koni","og_locale":"tr_TR","og_type":"article","og_title":"Spiral Koni -","og_description":"\u0130ki par\u00e7al\u0131 i\u00e7 i\u00e7e ge\u00e7en formu ile hem dekoratif bir masa\u00fcst\u00fc obje hem de ritmik hareketiyle stresi azaltan fonksiyonel bir tasar\u0131m \u00fcr\u00fcn\u00fc. Dayan\u0131kl\u0131, sessiz ve ekran ba\u011f\u0131ml\u0131l\u0131\u011f\u0131na alternatif.","og_url":"https:\/\/www.anacak.com\/?product=spiral-koni","article_modified_time":"2026-03-05T10:50:23+00:00","og_image":[{"width":1200,"height":1600,"url":"https:\/\/www.anacak.com\/wp-content\/uploads\/2026\/03\/WhatsApp-Image-2026-03-03-at-13.52.21-3.jpeg","type":"image\/jpeg"}],"twitter_card":"summary_large_image","schema":{"@context":"https:\/\/schema.org","@graph":[{"@type":"WebPage","@id":"https:\/\/www.anacak.com\/?product=spiral-koni","url":"https:\/\/www.anacak.com\/?product=spiral-koni","name":"Spiral Koni -","isPartOf":{"@id":"https:\/\/www.anacak.com\/#website"},"primaryImageOfPage":{"@id":"https:\/\/www.anacak.com\/?product=spiral-koni#primaryimage"},"image":{"@id":"https:\/\/www.anacak.com\/?product=spiral-koni#primaryimage"},"thumbnailUrl":"https:\/\/www.anacak.com\/wp-content\/uploads\/2026\/03\/WhatsApp-Image-2026-03-03-at-13.52.21-3.jpeg","datePublished":"2026-03-03T11:38:23+00:00","dateModified":"2026-03-05T10:50:23+00:00","breadcrumb":{"@id":"https:\/\/www.anacak.com\/?product=spiral-koni#breadcrumb"},"inLanguage":"tr","potentialAction":[{"@type":"ReadAction","target":["https:\/\/www.anacak.com\/?product=spiral-koni"]}]},{"@type":"ImageObject","inLanguage":"tr","@id":"https:\/\/www.anacak.com\/?product=spiral-koni#primaryimage","url":"https:\/\/www.anacak.com\/wp-content\/uploads\/2026\/03\/WhatsApp-Image-2026-03-03-at-13.52.21-3.jpeg","contentUrl":"https:\/\/www.anacak.com\/wp-content\/uploads\/2026\/03\/WhatsApp-Image-2026-03-03-at-13.52.21-3.jpeg","width":1200,"height":1600},{"@type":"BreadcrumbList","@id":"https:\/\/www.anacak.com\/?product=spiral-koni#breadcrumb","itemListElement":[{"@type":"ListItem","position":1,"name":"Anasayfa","item":"https:\/\/www.anacak.com\/"},{"@type":"ListItem","position":2,"name":"Ma\u011faza","item":"https:\/\/www.anacak.com\/?page_id=39"},{"@type":"ListItem","position":3,"name":"Spiral Koni"}]},{"@type":"WebSite","@id":"https:\/\/www.anacak.com\/#website","url":"https:\/\/www.anacak.com\/","name":"AnacakLab","description":"","publisher":{"@id":"https:\/\/www.anacak.com\/#organization"},"potentialAction":[{"@type":"SearchAction","target":{"@type":"EntryPoint","urlTemplate":"https:\/\/www.anacak.com\/?s={search_term_string}"},"query-input":{"@type":"PropertyValueSpecification","valueRequired":true,"valueName":"search_term_string"}}],"inLanguage":"tr"},{"@type":"Organization","@id":"https:\/\/www.anacak.com\/#organization","name":"AnacakLab","url":"https:\/\/www.anacak.com\/","logo":{"@type":"ImageObject","inLanguage":"tr","@id":"https:\/\/www.anacak.com\/#\/schema\/logo\/image\/","url":"https:\/\/www.anacak.com\/wp-content\/uploads\/2026\/02\/site_logo-scaled.png","contentUrl":"https:\/\/www.anacak.com\/wp-content\/uploads\/2026\/02\/site_logo-scaled.png","width":2560,"height":838,"caption":"AnacakLab"},"image":{"@id":"https:\/\/www.anacak.com\/#\/schema\/logo\/image\/"},"sameAs":["https:\/\/instagram.com\/anacaklab\/"]}]}},"_links":{"self":[{"href":"https:\/\/www.anacak.com\/index.php?rest_route=\/wp\/v2\/product\/77","targetHints":{"allow":["GET"]}}],"collection":[{"href":"https:\/\/www.anacak.com\/index.php?rest_route=\/wp\/v2\/product"}],"about":[{"href":"https:\/\/www.anacak.com\/index.php?rest_route=\/wp\/v2\/types\/product"}],"replies":[{"embeddable":true,"href":"https:\/\/www.anacak.com\/index.php?rest_route=%2Fwp%2Fv2%2Fcomments&post=77"}],"wp:featuredmedia":[{"embeddable":true,"href":"https:\/\/www.anacak.com\/index.php?rest_route=\/wp\/v2\/media\/84"}],"wp:attachment":[{"href":"https:\/\/www.anacak.com\/index.php?rest_route=%2Fwp%2Fv2%2Fmedia&parent=77"}],"wp:term":[{"taxonomy":"product_brand","embeddable":true,"href":"https:\/\/www.anacak.com\/index.php?rest_route=%2Fwp%2Fv2%2Fproduct_brand&post=77"},{"taxonomy":"product_cat","embeddable":true,"href":"https:\/\/www.anacak.com\/index.php?rest_route=%2Fwp%2Fv2%2Fproduct_cat&post=77"},{"taxonomy":"product_tag","embeddable":true,"href":"https:\/\/www.anacak.com\/index.php?rest_route=%2Fwp%2Fv2%2Fproduct_tag&post=77"}],"curies":[{"name":"wp","href":"https:\/\/api.w.org\/{rel}","templated":true}]}}